{"id":28002,"date":"2019-05-03T10:01:59","date_gmt":"2019-05-03T08:01:59","guid":{"rendered":"http:\/\/www.pcs.es\/product\/cocktail-frutos-del-mar-sin-cascara\/"},"modified":"2022-10-04T11:47:26","modified_gmt":"2022-10-04T09:47:26","slug":"cocktail-frutos-del-mar-sin-cascara","status":"publish","type":"product","link":"https:\/\/www.pcs.es\/en\/producto\/cocktail-frutos-del-mar-sin-cascara\/","title":{"rendered":"Cocktail Frutos del Mar sin C\u00e1scara"},"content":{"rendered":"<p class=\"p1\"><b>Cola de gamba pelada, carne de mejll\u00f3n, anilla de pota y<br \/>\npot\u00f3n del pac\u00edfico. <\/b><\/p>\n","protected":false},"excerpt":{"rendered":"<p>Cola de gamba pelada, carne de mejll\u00f3n, anilla de pota y pot\u00f3n del pac\u00edfico.<\/p>\n","protected":false},"featured_media":31536,"template":"","meta":{"_acf_changed":false},"product_brand":[],"product_cat":[329,369],"product_tag":[],"class_list":{"0":"post-28002","1":"product","2":"type-product","3":"status-publish","4":"has-post-thumbnail","6":"product_cat-pcs-en","7":"product_cat-seafood-mixes","9":"first","10":"instock","11":"product-type-simple"},"acf":[],"jetpack_sharing_enabled":true,"_links":{"self":[{"href":"https:\/\/www.pcs.es\/en\/wp-json\/wp\/v2\/product\/28002","targetHints":{"allow":["GET"]}}],"collection":[{"href":"https:\/\/www.pcs.es\/en\/wp-json\/wp\/v2\/product"}],"about":[{"href":"https:\/\/www.pcs.es\/en\/wp-json\/wp\/v2\/types\/product"}],"wp:featuredmedia":[{"embeddable":true,"href":"https:\/\/www.pcs.es\/en\/wp-json\/wp\/v2\/media\/31536"}],"wp:attachment":[{"href":"https:\/\/www.pcs.es\/en\/wp-json\/wp\/v2\/media?parent=28002"}],"wp:term":[{"taxonomy":"product_brand","embeddable":true,"href":"https:\/\/www.pcs.es\/en\/wp-json\/wp\/v2\/product_brand?post=28002"},{"taxonomy":"product_cat","embeddable":true,"href":"https:\/\/www.pcs.es\/en\/wp-json\/wp\/v2\/product_cat?post=28002"},{"taxonomy":"product_tag","embeddable":true,"href":"https:\/\/www.pcs.es\/en\/wp-json\/wp\/v2\/product_tag?post=28002"}],"curies":[{"name":"wp","href":"https:\/\/api.w.org\/{rel}","templated":true}]}}