{"id":28238,"date":"2019-05-03T10:01:21","date_gmt":"2019-05-03T08:01:21","guid":{"rendered":"http:\/\/www.pcs.es\/product\/especial-fideua-pastas-y-arroces\/"},"modified":"2022-03-25T14:01:44","modified_gmt":"2022-03-25T12:01:44","slug":"especial-fideua-pastas-y-arroces","status":"publish","type":"product","link":"https:\/\/www.pcs.es\/en\/producto\/especial-fideua-pastas-y-arroces\/","title":{"rendered":"Especial Fideu\u00e1, Pastas y Arroces"},"content":{"rendered":"<p>Anilla de POTA troceada, carne de MEJILL\u00d3N cocida, cola de GAMBA pelada y dados de POT\u00d3N.<\/p>\n","protected":false},"excerpt":{"rendered":"<p>Anilla de POTA troceada, carne de MEJILL\u00d3N cocida, cola de GAMBA pelada y dados de POT\u00d3N.<\/p>\n","protected":false},"featured_media":30757,"template":"","meta":{"_acf_changed":false},"product_brand":[],"product_cat":[724,476,477],"product_tag":[],"class_list":{"0":"post-28238","1":"product","2":"type-product","3":"status-publish","4":"has-post-thumbnail","6":"product_cat-cocinarte-todos-en","7":"product_cat-cocinarte-en-2","8":"product_cat-seafood-cocktails","10":"first","11":"instock","12":"product-type-simple"},"acf":[],"jetpack_sharing_enabled":true,"_links":{"self":[{"href":"https:\/\/www.pcs.es\/en\/wp-json\/wp\/v2\/product\/28238","targetHints":{"allow":["GET"]}}],"collection":[{"href":"https:\/\/www.pcs.es\/en\/wp-json\/wp\/v2\/product"}],"about":[{"href":"https:\/\/www.pcs.es\/en\/wp-json\/wp\/v2\/types\/product"}],"wp:featuredmedia":[{"embeddable":true,"href":"https:\/\/www.pcs.es\/en\/wp-json\/wp\/v2\/media\/30757"}],"wp:attachment":[{"href":"https:\/\/www.pcs.es\/en\/wp-json\/wp\/v2\/media?parent=28238"}],"wp:term":[{"taxonomy":"product_brand","embeddable":true,"href":"https:\/\/www.pcs.es\/en\/wp-json\/wp\/v2\/product_brand?post=28238"},{"taxonomy":"product_cat","embeddable":true,"href":"https:\/\/www.pcs.es\/en\/wp-json\/wp\/v2\/product_cat?post=28238"},{"taxonomy":"product_tag","embeddable":true,"href":"https:\/\/www.pcs.es\/en\/wp-json\/wp\/v2\/product_tag?post=28238"}],"curies":[{"name":"wp","href":"https:\/\/api.w.org\/{rel}","templated":true}]}}