{"id":28581,"date":"2019-05-03T09:53:43","date_gmt":"2019-05-03T07:53:43","guid":{"rendered":"http:\/\/www.pcs.es\/product\/boqueron-mediterraneo\/"},"modified":"2022-10-04T13:28:05","modified_gmt":"2022-10-04T11:28:05","slug":"boqueron-mediterraneo","status":"publish","type":"product","link":"https:\/\/www.pcs.es\/en\/producto\/boqueron-mediterraneo\/","title":{"rendered":"BOQUER\u00d3N MEDITERR\u00c1NEO"},"content":{"rendered":"<p>Boquer\u00f3n limpio, sin cabeza y sin espinas. Congelado IQF.<\/p>\n","protected":false},"excerpt":{"rendered":"<p>BOQUER\u00d3N MEDITERR\u00c1NEO LIMPIO HG<\/p>\n","protected":false},"featured_media":31600,"template":"","meta":{"_acf_changed":false},"product_brand":[],"product_cat":[329,596],"product_tag":[],"class_list":{"0":"post-28581","1":"product","2":"type-product","3":"status-publish","4":"has-post-thumbnail","6":"product_cat-pcs-en","7":"product_cat-raw-materials-fishes","9":"first","10":"instock","11":"product-type-simple"},"acf":[],"jetpack_sharing_enabled":true,"_links":{"self":[{"href":"https:\/\/www.pcs.es\/en\/wp-json\/wp\/v2\/product\/28581","targetHints":{"allow":["GET"]}}],"collection":[{"href":"https:\/\/www.pcs.es\/en\/wp-json\/wp\/v2\/product"}],"about":[{"href":"https:\/\/www.pcs.es\/en\/wp-json\/wp\/v2\/types\/product"}],"wp:featuredmedia":[{"embeddable":true,"href":"https:\/\/www.pcs.es\/en\/wp-json\/wp\/v2\/media\/31600"}],"wp:attachment":[{"href":"https:\/\/www.pcs.es\/en\/wp-json\/wp\/v2\/media?parent=28581"}],"wp:term":[{"taxonomy":"product_brand","embeddable":true,"href":"https:\/\/www.pcs.es\/en\/wp-json\/wp\/v2\/product_brand?post=28581"},{"taxonomy":"product_cat","embeddable":true,"href":"https:\/\/www.pcs.es\/en\/wp-json\/wp\/v2\/product_cat?post=28581"},{"taxonomy":"product_tag","embeddable":true,"href":"https:\/\/www.pcs.es\/en\/wp-json\/wp\/v2\/product_tag?post=28581"}],"curies":[{"name":"wp","href":"https:\/\/api.w.org\/{rel}","templated":true}]}}