{"id":28672,"date":"2019-05-03T09:54:19","date_gmt":"2019-05-03T07:54:19","guid":{"rendered":"http:\/\/www.pcs.es\/product\/guarnicion-cocktail-de-setas\/"},"modified":"2025-07-30T13:13:18","modified_gmt":"2025-07-30T11:13:18","slug":"guarnicion-cocktail-de-setas","status":"publish","type":"product","link":"https:\/\/www.pcs.es\/en\/producto\/guarnicion-cocktail-de-setas\/","title":{"rendered":"GUARNICI\u00d3N COCKTAIL DE SETAS EST\u00c1NDAR"},"content":{"rendered":"<p>Setas Shiitake, Nameko, setas Ostra y Champi\u00f1ones.<\/p>\n","protected":false},"excerpt":{"rendered":"<p>GUARNICI\u00d3N COCKTAIL DE SETAS EST\u00c1NDAR<\/p>\n","protected":false},"featured_media":26773,"template":"","meta":{"_acf_changed":false},"product_brand":[],"product_cat":[329,604],"product_tag":[],"class_list":{"0":"post-28672","1":"product","2":"type-product","3":"status-publish","4":"has-post-thumbnail","6":"product_cat-pcs-en","7":"product_cat-stirfry-en","9":"first","10":"instock","11":"product-type-simple"},"acf":[],"jetpack_sharing_enabled":true,"_links":{"self":[{"href":"https:\/\/www.pcs.es\/en\/wp-json\/wp\/v2\/product\/28672","targetHints":{"allow":["GET"]}}],"collection":[{"href":"https:\/\/www.pcs.es\/en\/wp-json\/wp\/v2\/product"}],"about":[{"href":"https:\/\/www.pcs.es\/en\/wp-json\/wp\/v2\/types\/product"}],"wp:featuredmedia":[{"embeddable":true,"href":"https:\/\/www.pcs.es\/en\/wp-json\/wp\/v2\/media\/26773"}],"wp:attachment":[{"href":"https:\/\/www.pcs.es\/en\/wp-json\/wp\/v2\/media?parent=28672"}],"wp:term":[{"taxonomy":"product_brand","embeddable":true,"href":"https:\/\/www.pcs.es\/en\/wp-json\/wp\/v2\/product_brand?post=28672"},{"taxonomy":"product_cat","embeddable":true,"href":"https:\/\/www.pcs.es\/en\/wp-json\/wp\/v2\/product_cat?post=28672"},{"taxonomy":"product_tag","embeddable":true,"href":"https:\/\/www.pcs.es\/en\/wp-json\/wp\/v2\/product_tag?post=28672"}],"curies":[{"name":"wp","href":"https:\/\/api.w.org\/{rel}","templated":true}]}}